{"id":26,"date":"2025-08-23T07:55:32","date_gmt":"2025-08-23T07:55:32","guid":{"rendered":"https:\/\/www.vilagenia.ro\/home\/"},"modified":"2025-12-29T08:57:23","modified_gmt":"2025-12-29T08:57:23","slug":"acasa","status":"publish","type":"page","link":"https:\/\/www.vilagenia.ro\/en\/","title":{"rendered":"Home"},"content":{"rendered":"<section class=\"bde-section-26-100 bde-section\">\n              \n  \n  \n\t\n\n  <div class=\"section-background-overlay\"><\/div>\n\n\n<div class=\"section-container\"><h1 class=\"bde-heading-26-101 bde-heading\">\nWelcome to Vila Genia.\n<\/h1><h1 class=\"bde-heading-26-230 bde-heading\">\nSee our New Year's Eve offer below.\n<\/h1><div class=\"bde-text-26-102 bde-text\">\nIn C\u00e2mpulung Moldovenesc, the heart of Bucovina.\n<\/div><div class=\"bde-div-26-105 bde-div\">\n  \n  \n\t\n\n\n\n<div class=\"bde-text-26-106 bde-text\">\nscroll down\n<\/div><div class=\"bde-image-26-107 bde-image\">\n<figure class=\"breakdance-image breakdance-image--49\">\n\t<div class=\"breakdance-image-container\">\n\t\t<div class=\"breakdance-image-clip\"><img loading=\"lazy\" decoding=\"async\" class=\"breakdance-image-object\" src=\"https:\/\/breakdancelibrary.com\/hotel\/wp-content\/uploads\/sites\/34\/2023\/02\/arrow-down-black-white.png\" width=\"7\" height=\"61\" sizes=\"auto, (max-width: 7px) 100vw, 7px\"><\/div>\n\t<\/div><\/figure>\n\n<\/div>\n<\/div><\/div>\n<\/section><section class=\"bde-section-26-216 bde-section\">\n  \n  \n\t\n\n\n\n<div class=\"section-container\"><div class=\"bde-columns-26-220 bde-columns\"><div class=\"bde-column-26-221 bde-column\">\n  \n  \n\t\n\n\n\n<h2 class=\"bde-heading-26-217 bde-heading\">\nNew Year's Eve Offer\n<\/h2><div class=\"bde-div-26-226 bde-div\">\n  \n  \n\t\n\n\n\n<div class=\"bde-text-26-218 bde-text\">\nOur package includes:\n<\/div><ul class=\"bde-basic-list-26-219 bde-basic-list\">\n  <li  >    \n          Exclusive booking of the Villa with access to all our 7 rooms\n      <\/li>\n  <li  >    \n          Unlimited access to the relaxation room with a pool table, TV and games\n      <\/li>\n  <li  >    \n          Festive dinner in the New Year's Eve with delicious food, speakers, fun, wine, whisky, cognac and non-alcoholic drinks\n      <\/li>\n  <li  >    \n          Exquisite meal in the first day of the new year\n      <\/li>\n  <li  >    \n          Wine, \u021buic\u0103 and non-alcoholic drinks in the evenings\n      <\/li>\n  <li  >    \n          Heated igloo\n      <\/li>\n  <li  >    \n          Flexible dates\n      <\/li>\n<\/ul>\n<\/div><div class=\"bde-div-26-227 bde-div\">\n  \n  \n\t\n\n\n\n<div class=\"bde-text-26-224 bde-text\">\nPrice for 4 nights:\n<\/div><div class=\"bde-text-26-225 bde-text\">\n590 RON\/adult\/night<br>Children between the ages of 5 and 13 get a 50% off discount\n<\/div><div class=\"bde-text-26-228 bde-text\">\nThe offer applies for 14 people and 4 nights. If you have a smaller group you will still have to pay the full price due to booking the whole villa.<br>A 30% upfront payment will be performed upon confirmation of the reservation.\n<\/div>\n<\/div><div class=\"bde-button-26-229 bde-button\">\n    \n                        \n                        \n    \n    \n    \n    \n            \n                    \n            \n            \n\n    \n    \n    \n    \n    \n    <a class=\"breakdance-link button-atom button-atom--custom bde-button__button\" href=\"tel:+40744481480\" target=\"_self\" data-type=\"contact\"  >\n\n    \n        <span class=\"button-atom__text\">Book the Villa for the New Year's Eve<\/span>\n\n        \n        \n                <\/a>\n\n    \n\n\n<\/div>\n<\/div><div class=\"bde-column-26-222 bde-column\">\n  \n  \n\t\n\n\n\n<img decoding=\"async\" class=\"bde-image2-26-223 bde-image2\" src=\"http:\/\/www.vilagenia.ro\/wp-content\/uploads\/2025\/10\/6615381000849312764-2-scaled.jpeg\" loading=\"lazy\" srcset=\"https:\/\/www.vilagenia.ro\/wp-content\/uploads\/2025\/10\/6615381000849312764-2-scaled.jpeg 1740w, https:\/\/www.vilagenia.ro\/wp-content\/uploads\/2025\/10\/6615381000849312764-2-204x300.jpeg 204w, https:\/\/www.vilagenia.ro\/wp-content\/uploads\/2025\/10\/6615381000849312764-2-696x1024.jpeg 696w, https:\/\/www.vilagenia.ro\/wp-content\/uploads\/2025\/10\/6615381000849312764-2-768x1130.jpeg 768w, https:\/\/www.vilagenia.ro\/wp-content\/uploads\/2025\/10\/6615381000849312764-2-1044x1536.jpeg 1044w, https:\/\/www.vilagenia.ro\/wp-content\/uploads\/2025\/10\/6615381000849312764-2-1392x2048.jpeg 1392w, https:\/\/www.vilagenia.ro\/wp-content\/uploads\/2025\/10\/6615381000849312764-2-8x12.jpeg 8w\" sizes=\"(max-width: 1740px) 100vw, 1740px\">\n<\/div><\/div><\/div>\n<\/section><section class=\"bde-section-26-103 bde-section\">\n  \n  \n\t\n\n\n\n<div class=\"section-container\"><div class=\"bde-div-26-208 bde-div\">\n  \n  \n\t\n\n\n\n<h2 class=\"bde-heading-26-104 bde-heading\">\nRecharge your batteries through rest and adventure, in an exceptional location.\n<\/h2><div class=\"bde-button-26-209 bde-button\">\n    \n                        \n                        \n    \n    \n    \n    \n            \n                    \n            \n            \n\n    \n    \n    \n    \n    \n    <a class=\"breakdance-link button-atom button-atom--custom bde-button__button\" href=\"https:\/\/vila-genia.pynbooking.direct\" target=\"_self\" data-type=\"url\"  >\n\n    \n        <span class=\"button-atom__text\">Book now<\/span>\n\n        \n        \n                <\/a>\n\n    \n\n\n<\/div>\n<\/div><div class=\"bde-div-26-110 bde-div\">\n  \n  \n\t\n\n\n\n<div class=\"bde-text-26-108 bde-text\">\nMore than confort\n<\/div><h2 class=\"bde-heading-26-109 bde-heading\">\nRooms designed specifically for you\n<\/h2>\n<\/div><div class=\"bde-div-26-111 bde-div\">\n  \n  \n\t\n\n\n\n<div class=\"bde-div-26-204 bde-div\">\n  \n  \n\t\n\n\n\n<div class=\"bde-image-26-205 bde-image\">\n<figure class=\"breakdance-image breakdance-image--122\">\n\t<div class=\"breakdance-image-container\">\n\t\t<div class=\"breakdance-image-clip\"><img loading=\"lazy\" decoding=\"async\" class=\"breakdance-image-object\" src=\"http:\/\/www.vilagenia.ro\/wp-content\/uploads\/2025\/08\/kingcubalcon.jpeg\" width=\"1206\" height=\"1813\" srcset=\"https:\/\/www.vilagenia.ro\/wp-content\/uploads\/2025\/08\/kingcubalcon.jpeg 1206w, https:\/\/www.vilagenia.ro\/wp-content\/uploads\/2025\/08\/kingcubalcon-200x300.jpeg 200w, https:\/\/www.vilagenia.ro\/wp-content\/uploads\/2025\/08\/kingcubalcon-681x1024.jpeg 681w, https:\/\/www.vilagenia.ro\/wp-content\/uploads\/2025\/08\/kingcubalcon-768x1155.jpeg 768w, https:\/\/www.vilagenia.ro\/wp-content\/uploads\/2025\/08\/kingcubalcon-1022x1536.jpeg 1022w, https:\/\/www.vilagenia.ro\/wp-content\/uploads\/2025\/08\/kingcubalcon-8x12.jpeg 8w\" sizes=\"auto, (max-width: 1206px) 100vw, 1206px\"><\/div>\n\t<\/div><\/figure>\n\n<\/div><h3 class=\"bde-heading-26-206 bde-heading\">\nKing Room with mountain view and balcony\n<\/h3><div class=\"bde-text-26-207 bde-text\">\nSpacious and elegant, having a generous and sunny balcony, offers a 180\u00b0 view of the mountain scenery.\n<\/div>\n<\/div><div class=\"bde-div-26-112 bde-div\">\n  \n  \n\t\n\n\n\n<div class=\"bde-image-26-113 bde-image\">\n<figure class=\"breakdance-image breakdance-image--28\">\n\t<div class=\"breakdance-image-container\">\n\t\t<div class=\"breakdance-image-clip\"><img loading=\"lazy\" decoding=\"async\" class=\"breakdance-image-object\" src=\"https:\/\/www.vilagenia.ro\/wp-content\/uploads\/2025\/08\/Camera-King.jpg\" width=\"840\" height=\"460\" srcset=\"https:\/\/www.vilagenia.ro\/wp-content\/uploads\/2025\/08\/Camera-King.jpg 840w, https:\/\/www.vilagenia.ro\/wp-content\/uploads\/2025\/08\/Camera-King-300x164.jpg 300w, https:\/\/www.vilagenia.ro\/wp-content\/uploads\/2025\/08\/Camera-King-768x421.jpg 768w\" sizes=\"auto, (max-width: 840px) 100vw, 840px\"><\/div>\n\t<\/div><\/figure>\n\n<\/div><h3 class=\"bde-heading-26-114 bde-heading\">\nKing Room\n<\/h3><div class=\"bde-text-26-115 bde-text\">\nSpacious and elegant, with the option to add an extra bed for the ideal family trip.\n<\/div>\n<\/div><div class=\"bde-div-26-116 bde-div\">\n  \n  \n\t\n\n\n\n<div class=\"bde-image-26-117 bde-image\">\n<figure class=\"breakdance-image breakdance-image--30\">\n\t<div class=\"breakdance-image-container\">\n\t\t<div class=\"breakdance-image-clip\"><img loading=\"lazy\" decoding=\"async\" class=\"breakdance-image-object\" src=\"https:\/\/www.vilagenia.ro\/wp-content\/uploads\/2025\/08\/Camera-Queen.jpg\" width=\"840\" height=\"460\" srcset=\"https:\/\/www.vilagenia.ro\/wp-content\/uploads\/2025\/08\/Camera-Queen.jpg 840w, https:\/\/www.vilagenia.ro\/wp-content\/uploads\/2025\/08\/Camera-Queen-300x164.jpg 300w, https:\/\/www.vilagenia.ro\/wp-content\/uploads\/2025\/08\/Camera-Queen-768x421.jpg 768w\" sizes=\"auto, (max-width: 840px) 100vw, 840px\"><\/div>\n\t<\/div><\/figure>\n\n<\/div><h3 class=\"bde-heading-26-118 bde-heading\">\nQueen Room\n<\/h3><div class=\"bde-text-26-119 bde-text\">\nChic ambiance with elegant details in the bathroom and a comfortable 160cm bed that gets you the most refreshing sleep.\n<\/div>\n<\/div><div class=\"bde-div-26-120 bde-div\">\n  \n  \n\t\n\n\n\n<div class=\"bde-image-26-121 bde-image\">\n<figure class=\"breakdance-image breakdance-image--31\">\n\t<div class=\"breakdance-image-container\">\n\t\t<div class=\"breakdance-image-clip\"><img loading=\"lazy\" decoding=\"async\" class=\"breakdance-image-object\" src=\"https:\/\/www.vilagenia.ro\/wp-content\/uploads\/2025\/08\/Camera-dubla-superioara.jpg\" width=\"840\" height=\"460\" srcset=\"https:\/\/www.vilagenia.ro\/wp-content\/uploads\/2025\/08\/Camera-dubla-superioara.jpg 840w, https:\/\/www.vilagenia.ro\/wp-content\/uploads\/2025\/08\/Camera-dubla-superioara-300x164.jpg 300w, https:\/\/www.vilagenia.ro\/wp-content\/uploads\/2025\/08\/Camera-dubla-superioara-768x421.jpg 768w\" sizes=\"auto, (max-width: 840px) 100vw, 840px\"><\/div>\n\t<\/div><\/figure>\n\n<\/div><h3 class=\"bde-heading-26-122 bde-heading\">\nSuperior double room\n<\/h3><div class=\"bde-text-26-123 bde-text\">\nBig and confortable bed with two chairs where you can enjoy your morning coffee.\n<\/div>\n<\/div>\n<\/div><\/div>\n<\/section><section class=\"bde-section-26-124 bde-section\">\n  \n  \n\t\n\n\n\n<div class=\"section-container\"><img decoding=\"async\" class=\"bde-image2-26-203 bde-image2\" src=\"https:\/\/www.vilagenia.ro\/wp-content\/uploads\/2025\/08\/Bucovina.png\" srcset=\"https:\/\/www.vilagenia.ro\/wp-content\/uploads\/2025\/08\/Bucovina.png 1524w, https:\/\/www.vilagenia.ro\/wp-content\/uploads\/2025\/08\/Bucovina-295x300.png 295w, https:\/\/www.vilagenia.ro\/wp-content\/uploads\/2025\/08\/Bucovina-1008x1024.png 1008w, https:\/\/www.vilagenia.ro\/wp-content\/uploads\/2025\/08\/Bucovina-768x780.png 768w, https:\/\/www.vilagenia.ro\/wp-content\/uploads\/2025\/08\/Bucovina-1512x1536.png 1512w\" sizes=\"(max-width: 1524px) 100vw, 1524px\"><div class=\"bde-div-26-126 bde-div\">\n  \n  \n\t\n\n\n\n<div class=\"bde-div-26-127 bde-div\">\n  \n  \n\t\n\n\n\n<div class=\"bde-text-26-128 bde-text\">\nThe wonders of Bucovina\n<\/div><h2 class=\"bde-heading-26-129 bde-heading\">\nBreathtaking nature combined with tradition\n<\/h2><div class=\"bde-text-26-130 bde-text\">\nSituated in the heart of C\u00e2mpulung Moldovenesc, close to the wonderful churches of Bucovina, the Rar\u0103u ski slope and restaurants with the most delicious food of the area, Vila Genia invites you to recharge your batteries through rest and adventure in this wonderful area.\n<\/div><a class=\"bde-container-link-26-131 bde-container-link breakdance-link\" href=\"\/en\/bucovina\/\" target=\"_self\" data-type=\"url\">\n  \n  \n\t\n\n\n\n<div class=\"bde-text-26-132 bde-text\">\nFind out more about Bucovina\n<\/div><div class=\"bde-icon-26-133 bde-icon\">\n\n    \n            <div class=\"bde-icon-icon breakdance-icon-atom\" >\n    \n                    <svg xmlns=\"http:\/\/www.w3.org\/2000\/svg\" width=\"63\" height=\"16\" viewbox=\"0 0 63 16\" fill=\"none\">\n<path opacity=\"0.88\" d=\"M62.7071 8.70711C63.0976 8.31658 63.0976 7.68342 62.7071 7.29289L56.3431 0.928932C55.9526 0.538408 55.3195 0.538408 54.9289 0.928932C54.5384 1.31946 54.5384 1.95262 54.9289 2.34315L60.5858 8L54.9289 13.6569C54.5384 14.0474 54.5384 14.6805 54.9289 15.0711C55.3195 15.4616 55.9526 15.4616 56.3431 15.0711L62.7071 8.70711ZM0 9H62V7H0V9Z\" fill=\"#384140\"\/>\n<\/svg>\n        \n        \n        \n            <\/div>\n    \n\n\n<\/div>\n\n<\/a>\n<\/div>\n<\/div><\/div>\n<\/section><section class=\"bde-section-26-134 bde-section\">\n  \n  \n\t\n\n\n\n<div class=\"section-container\"><div class=\"bde-div-26-135 bde-div\">\n  \n  \n\t\n\n\n\n<div class=\"bde-text-26-136 bde-text\">\nWhy pick us\n<\/div><h2 class=\"bde-heading-26-137 bde-heading\">\nOur facilities\n<\/h2>\n<\/div><div class=\"bde-div-26-138 bde-div\">\n  \n  \n\t\n\n\n\n<div class=\"bde-div-26-151 bde-div\">\n  \n  \n\t\n\n\n\n<div class=\"bde-image-26-152 bde-image\">\n<figure class=\"breakdance-image breakdance-image--37\">\n\t<div class=\"breakdance-image-container\">\n\t\t<div class=\"breakdance-image-clip\"><img loading=\"lazy\" decoding=\"async\" class=\"breakdance-image-object\" src=\"https:\/\/www.vilagenia.ro\/wp-content\/uploads\/2025\/08\/Mic-dejun.avif\" width=\"756\" height=\"982\" srcset=\"https:\/\/www.vilagenia.ro\/wp-content\/uploads\/2025\/08\/Mic-dejun.avif 756w, https:\/\/www.vilagenia.ro\/wp-content\/uploads\/2025\/08\/Mic-dejun-231x300.avif 231w\" sizes=\"auto, (max-width: 756px) 100vw, 756px\"><\/div>\n\t<\/div><\/figure>\n\n<\/div><h3 class=\"bde-heading-26-153 bde-heading\">\nBreakfast's on us\n<\/h3><div class=\"bde-text-26-211 bde-text\">\nWe'll offer you the area's local delicacies at breakfast so you'll have energy for an adventurous day.\n<\/div>\n<\/div><div class=\"bde-div-26-154 bde-div\">\n  \n  \n\t\n\n\n\n<div class=\"bde-image-26-155 bde-image\">\n<figure class=\"breakdance-image breakdance-image--43\">\n\t<div class=\"breakdance-image-container\">\n\t\t<div class=\"breakdance-image-clip\"><img loading=\"lazy\" decoding=\"async\" class=\"breakdance-image-object\" src=\"https:\/\/www.vilagenia.ro\/wp-content\/uploads\/2025\/08\/Details20and20Activities208_edited-scaled.jpg\" width=\"1695\" height=\"2560\" srcset=\"https:\/\/www.vilagenia.ro\/wp-content\/uploads\/2025\/08\/Details20and20Activities208_edited-scaled.jpg 1695w, https:\/\/www.vilagenia.ro\/wp-content\/uploads\/2025\/08\/Details20and20Activities208_edited-199x300.jpg 199w, https:\/\/www.vilagenia.ro\/wp-content\/uploads\/2025\/08\/Details20and20Activities208_edited-678x1024.jpg 678w, https:\/\/www.vilagenia.ro\/wp-content\/uploads\/2025\/08\/Details20and20Activities208_edited-768x1160.jpg 768w, https:\/\/www.vilagenia.ro\/wp-content\/uploads\/2025\/08\/Details20and20Activities208_edited-1017x1536.jpg 1017w, https:\/\/www.vilagenia.ro\/wp-content\/uploads\/2025\/08\/Details20and20Activities208_edited-1356x2048.jpg 1356w\" sizes=\"auto, (max-width: 1695px) 100vw, 1695px\" alt=\"M\u00e2ner de u\u0219\u0103 cu acces prin cod sau cartel\u0103\"><\/div>\n\t<\/div><\/figure>\n\n<\/div><h3 class=\"bde-heading-26-156 bde-heading\">\nSelf check-in\n<\/h3><div class=\"bde-text-26-212 bde-text\">\nBefore you arrive, you'll receive an SMS from us with all the necessary info and an access code, as we want you to enjoy your room the second you arrive.\n<\/div>\n<\/div><div class=\"bde-div-26-157 bde-div\">\n  \n  \n\t\n\n\n\n<div class=\"bde-image-26-158 bde-image\">\n<figure class=\"breakdance-image breakdance-image--38\">\n\t<div class=\"breakdance-image-container\">\n\t\t<div class=\"breakdance-image-clip\"><img loading=\"lazy\" decoding=\"async\" class=\"breakdance-image-object\" src=\"https:\/\/www.vilagenia.ro\/wp-content\/uploads\/2025\/08\/Vinuri-2-scaled.jpg\" width=\"1707\" height=\"2560\" srcset=\"https:\/\/www.vilagenia.ro\/wp-content\/uploads\/2025\/08\/Vinuri-2-scaled.jpg 1707w, https:\/\/www.vilagenia.ro\/wp-content\/uploads\/2025\/08\/Vinuri-2-200x300.jpg 200w, https:\/\/www.vilagenia.ro\/wp-content\/uploads\/2025\/08\/Vinuri-2-683x1024.jpg 683w, https:\/\/www.vilagenia.ro\/wp-content\/uploads\/2025\/08\/Vinuri-2-768x1152.jpg 768w, https:\/\/www.vilagenia.ro\/wp-content\/uploads\/2025\/08\/Vinuri-2-1024x1536.jpg 1024w, https:\/\/www.vilagenia.ro\/wp-content\/uploads\/2025\/08\/Vinuri-2-1365x2048.jpg 1365w\" sizes=\"auto, (max-width: 1707px) 100vw, 1707px\" alt=\"O sticl\u0103 de vin dintre cele care sunt la dispozi\u021bia dumneavoastr\u0103\"><\/div>\n\t<\/div><\/figure>\n\n<\/div><h3 class=\"bde-heading-26-159 bde-heading\">\nEnjoy a glass of wine<br>\n<\/h3><div class=\"bde-text-26-213 bde-text\">\nWe offer you a variety of wines to choose from for the evenings when all you'd wish for is to relax and enjoy a glass of wine. Cheers!\n<\/div>\n<\/div><div class=\"bde-div-26-160 bde-div\">\n  \n  \n\t\n\n\n\n<div class=\"bde-image-26-161 bde-image\">\n<figure class=\"breakdance-image breakdance-image--39\">\n\t<div class=\"breakdance-image-container\">\n\t\t<div class=\"breakdance-image-clip\"><img loading=\"lazy\" decoding=\"async\" class=\"breakdance-image-object\" src=\"https:\/\/www.vilagenia.ro\/wp-content\/uploads\/2025\/08\/Details-and-Activities-6-scaled.jpg\" width=\"1707\" height=\"2560\" srcset=\"https:\/\/www.vilagenia.ro\/wp-content\/uploads\/2025\/08\/Details-and-Activities-6-scaled.jpg 1707w, https:\/\/www.vilagenia.ro\/wp-content\/uploads\/2025\/08\/Details-and-Activities-6-200x300.jpg 200w, https:\/\/www.vilagenia.ro\/wp-content\/uploads\/2025\/08\/Details-and-Activities-6-683x1024.jpg 683w, https:\/\/www.vilagenia.ro\/wp-content\/uploads\/2025\/08\/Details-and-Activities-6-768x1152.jpg 768w, https:\/\/www.vilagenia.ro\/wp-content\/uploads\/2025\/08\/Details-and-Activities-6-1024x1536.jpg 1024w, https:\/\/www.vilagenia.ro\/wp-content\/uploads\/2025\/08\/Details-and-Activities-6-1365x2048.jpg 1365w\" sizes=\"auto, (max-width: 1707px) 100vw, 1707px\" alt=\"Mas\u0103 de biliard la dispozi\u021bia dumneavoastr\u0103\"><\/div>\n\t<\/div><\/figure>\n\n<\/div><h3 class=\"bde-heading-26-162 bde-heading\">\nLeisure room\n<\/h3><div class=\"bde-text-26-214 bde-text\">\nAfter a full day, enjoy our leisure room with billiard and games alongside your loved ones.\n<\/div>\n<\/div><div class=\"bde-div-26-139 bde-div\">\n  \n  \n\t\n\n\n\n<div class=\"bde-image-26-140 bde-image\">\n<figure class=\"breakdance-image breakdance-image--116\">\n\t<div class=\"breakdance-image-container\">\n\t\t<div class=\"breakdance-image-clip\"><img loading=\"lazy\" decoding=\"async\" class=\"breakdance-image-object\" src=\"https:\/\/www.vilagenia.ro\/wp-content\/uploads\/2025\/08\/pexels-pixabay-259200-scaled.jpg\" width=\"2560\" height=\"1707\" srcset=\"https:\/\/www.vilagenia.ro\/wp-content\/uploads\/2025\/08\/pexels-pixabay-259200-scaled.jpg 2560w, https:\/\/www.vilagenia.ro\/wp-content\/uploads\/2025\/08\/pexels-pixabay-259200-300x200.jpg 300w, https:\/\/www.vilagenia.ro\/wp-content\/uploads\/2025\/08\/pexels-pixabay-259200-1024x683.jpg 1024w, https:\/\/www.vilagenia.ro\/wp-content\/uploads\/2025\/08\/pexels-pixabay-259200-768x512.jpg 768w, https:\/\/www.vilagenia.ro\/wp-content\/uploads\/2025\/08\/pexels-pixabay-259200-1536x1024.jpg 1536w, https:\/\/www.vilagenia.ro\/wp-content\/uploads\/2025\/08\/pexels-pixabay-259200-2048x1365.jpg 2048w, https:\/\/www.vilagenia.ro\/wp-content\/uploads\/2025\/08\/pexels-pixabay-259200-18x12.jpg 18w\" sizes=\"auto, (max-width: 2560px) 100vw, 2560px\" alt=\"Carduri de credit\"><\/div>\n\t<\/div><\/figure>\n\n<\/div><h3 class=\"bde-heading-26-141 bde-heading\">\nPay using credit\/debit cards or Edenred\/Sodexo\/Up\n<\/h3><div class=\"bde-text-26-210 bde-text\">\nYou can pay with a debit or credit card, Edenred\/Sodexo\/Up cards, Apple Pay, Google Pay or cash.\n<\/div>\n<\/div><div class=\"bde-div-26-163 bde-div\">\n  \n  \n\t\n\n\n\n<div class=\"bde-image-26-164 bde-image\">\n<figure class=\"breakdance-image breakdance-image--117\">\n\t<div class=\"breakdance-image-container\">\n\t\t<div class=\"breakdance-image-clip\"><img loading=\"lazy\" decoding=\"async\" class=\"breakdance-image-object\" src=\"https:\/\/www.vilagenia.ro\/wp-content\/uploads\/2025\/08\/Campulung_Moldovenesc_vedere_de_sus_10.jpg\" width=\"2048\" height=\"1536\" srcset=\"https:\/\/www.vilagenia.ro\/wp-content\/uploads\/2025\/08\/Campulung_Moldovenesc_vedere_de_sus_10.jpg 2048w, https:\/\/www.vilagenia.ro\/wp-content\/uploads\/2025\/08\/Campulung_Moldovenesc_vedere_de_sus_10-300x225.jpg 300w, https:\/\/www.vilagenia.ro\/wp-content\/uploads\/2025\/08\/Campulung_Moldovenesc_vedere_de_sus_10-1024x768.jpg 1024w, https:\/\/www.vilagenia.ro\/wp-content\/uploads\/2025\/08\/Campulung_Moldovenesc_vedere_de_sus_10-768x576.jpg 768w, https:\/\/www.vilagenia.ro\/wp-content\/uploads\/2025\/08\/Campulung_Moldovenesc_vedere_de_sus_10-1536x1152.jpg 1536w, https:\/\/www.vilagenia.ro\/wp-content\/uploads\/2025\/08\/Campulung_Moldovenesc_vedere_de_sus_10-16x12.jpg 16w\" sizes=\"auto, (max-width: 2048px) 100vw, 2048px\" alt=\"Campulung Moldovenesc privit de sus\"><\/div>\n\t<\/div><\/figure>\n\n<\/div><h3 class=\"bde-heading-26-165 bde-heading\">\nNearby restaurants and supermarkets\n<\/h3><div class=\"bde-text-26-215 bde-text\">\nYou can text us and we'll provide you with recommendations so you can make the most of your trip.\n<\/div>\n<\/div>\n<\/div><h2 class=\"bde-heading-26-197 bde-heading\">\nWe'd be delighted to have you! Book your room on the link down below.\n<\/h2><a class=\"bde-container-link-26-198 bde-container-link breakdance-link\" href=\"http:\/\/vila-genia.pynbooking.direct\" target=\"_self\" data-type=\"url\">\n  \n  \n\t\n\n\n\n<div class=\"bde-text-26-199 bde-text\">\nBook now\n<\/div><div class=\"bde-icon-26-200 bde-icon\">\n\n    \n            <div class=\"bde-icon-icon breakdance-icon-atom\" >\n    \n                    <svg xmlns=\"http:\/\/www.w3.org\/2000\/svg\" width=\"63\" height=\"16\" viewbox=\"0 0 63 16\" fill=\"none\">\n<path opacity=\"0.88\" d=\"M62.7071 8.70711C63.0976 8.31658 63.0976 7.68342 62.7071 7.29289L56.3431 0.928932C55.9526 0.538408 55.3195 0.538408 54.9289 0.928932C54.5384 1.31946 54.5384 1.95262 54.9289 2.34315L60.5858 8L54.9289 13.6569C54.5384 14.0474 54.5384 14.6805 54.9289 15.0711C55.3195 15.4616 55.9526 15.4616 56.3431 15.0711L62.7071 8.70711ZM0 9H62V7H0V9Z\" fill=\"#384140\"\/>\n<\/svg>\n        \n        \n        \n            <\/div>\n    \n\n\n<\/div>\n\n<\/a><\/div>\n<\/section>","protected":false},"excerpt":{"rendered":"<p>Bine ai venit la Vila Genia. Vezi mai jos oferta noastr\u0103 de Revelion. \u00cen C\u00e2mpulung Moldovenesc, inima bucovinei. scroll down Oferta de Revelion Pachetul include: \u00cenchiriere exclusiv\u0103 a vilei cu acces la toate cele 7 camere Acces nelimitat la camera de relaxare, cu masa de biliard, televizor \u0219i jocuri de societate Cin\u0103 festiv\u0103 \u00een noaptea [&hellip;]<\/p>\n","protected":false},"author":1,"featured_media":0,"parent":0,"menu_order":0,"comment_status":"closed","ping_status":"closed","template":"","meta":{"_seopress_robots_primary_cat":"","_seopress_titles_title":"","_seopress_titles_desc":"","_seopress_robots_index":"","_breakdance_hide_in_design_set":false,"_breakdance_tags":"","footnotes":""},"class_list":["post-26","page","type-page","status-publish","hentry"],"_links":{"self":[{"href":"https:\/\/www.vilagenia.ro\/en\/wp-json\/wp\/v2\/pages\/26","targetHints":{"allow":["GET"]}}],"collection":[{"href":"https:\/\/www.vilagenia.ro\/en\/wp-json\/wp\/v2\/pages"}],"about":[{"href":"https:\/\/www.vilagenia.ro\/en\/wp-json\/wp\/v2\/types\/page"}],"author":[{"embeddable":true,"href":"https:\/\/www.vilagenia.ro\/en\/wp-json\/wp\/v2\/users\/1"}],"replies":[{"embeddable":true,"href":"https:\/\/www.vilagenia.ro\/en\/wp-json\/wp\/v2\/comments?post=26"}],"version-history":[{"count":5,"href":"https:\/\/www.vilagenia.ro\/en\/wp-json\/wp\/v2\/pages\/26\/revisions"}],"predecessor-version":[{"id":144,"href":"https:\/\/www.vilagenia.ro\/en\/wp-json\/wp\/v2\/pages\/26\/revisions\/144"}],"wp:attachment":[{"href":"https:\/\/www.vilagenia.ro\/en\/wp-json\/wp\/v2\/media?parent=26"}],"curies":[{"name":"wp","href":"https:\/\/api.w.org\/{rel}","templated":true}]}}