{"id":25,"date":"2025-08-23T07:55:32","date_gmt":"2025-08-23T07:55:32","guid":{"rendered":"https:\/\/www.vilagenia.ro\/our-story\/"},"modified":"2025-08-26T07:10:17","modified_gmt":"2025-08-26T07:10:17","slug":"despre-noi","status":"publish","type":"page","link":"https:\/\/www.vilagenia.ro\/en\/despre-noi\/","title":{"rendered":"About us"},"content":{"rendered":"<section class=\"bde-section-25-100 bde-section\">\n              \n  \n  \n\t\n\n  <div class=\"section-background-overlay\"><\/div>\n\n\n<div class=\"section-container\"><h1 class=\"bde-heading-25-101 bde-heading\">\nAbout us\n<\/h1><div class=\"bde-div-25-103 bde-div\">\n  \n  \n\t\n\n\n\n<div class=\"bde-text-25-104 bde-text\">\nscroll down\n<\/div><div class=\"bde-image-25-105 bde-image\">\n<figure class=\"breakdance-image breakdance-image--49\">\n\t<div class=\"breakdance-image-container\">\n\t\t<div class=\"breakdance-image-clip\"><img loading=\"lazy\" decoding=\"async\" class=\"breakdance-image-object\" src=\"https:\/\/breakdancelibrary.com\/hotel\/wp-content\/uploads\/sites\/34\/2023\/02\/arrow-down-black-white.png\" width=\"7\" height=\"61\" sizes=\"auto, (max-width: 7px) 100vw, 7px\"><\/div>\n\t<\/div><\/figure>\n\n<\/div>\n<\/div><\/div>\n<\/section><section class=\"bde-section-25-106 bde-section\">\n  \n  \n\t\n\n\n\n<div class=\"section-container\"><h2 class=\"bde-heading-25-107 bde-heading\">\nUrban confort in nature's heart\n<\/h2><div class=\"bde-text-25-108 bde-text\">\nOriginally a general's home from 1934, Vila Genia started as an expression of love for people, Bucovina's nature and everything exquisite. We've created everything for the people who want to discover our country's wonders and enjoy an intimate and elegant hotspot at the same time. <br><br>Each window presents the mountain's majestic view, while the interior is dominated by the solid wood joined by the locals. When you place the modern and distinctive style of our place next to the spectacular scenery and the customs of the area, you get a perfect harmony between modernity and tradition.\n<\/div><div class=\"bde-columns-25-109 bde-columns\"><div class=\"bde-column-25-110 bde-column\">\n  \n  \n\t\n\n\n\n<div class=\"bde-text-25-111 bde-text\">\nOur story\n<\/div><h2 class=\"bde-heading-25-112 bde-heading\">\nOur values\n<\/h2><div class=\"bde-rich-text-25-151 bde-rich-text breakdance-rich-text-styles\">\n<h3>Hospitality<\/h3><p>Our guests' wellbeing and confort are the utmost priorities in everything we do.<\/p><h3>Integrity<\/h3><p>We treat our guests and employees fairly and respectfully.<\/p><h3>Quality<\/h3><p>We don't bat an eye when it comes to what's best for our guests.<\/p><h3>Care<\/h3><p>We take great pride in our guests being happy. We support Bucovina and its people with all the activities we suggest and support.<\/p><h3>Novelty<\/h3><p>We are always open to innovations that deliver a better experience for our guests.<\/p>\n<\/div>\n<\/div><div class=\"bde-column-25-117 bde-column\">\n  \n  \n\t\n\n\n\n<div class=\"bde-image-25-118 bde-image\">\n<figure class=\"breakdance-image breakdance-image--61\">\n\t<div class=\"breakdance-image-container\">\n\t\t<div class=\"breakdance-image-clip\"><img loading=\"lazy\" decoding=\"async\" class=\"breakdance-image-object\" src=\"https:\/\/www.vilagenia.ro\/wp-content\/uploads\/2025\/08\/Room-1-10-scaled.jpg\" width=\"1707\" height=\"2560\" srcset=\"https:\/\/www.vilagenia.ro\/wp-content\/uploads\/2025\/08\/Room-1-10-scaled.jpg 1707w, https:\/\/www.vilagenia.ro\/wp-content\/uploads\/2025\/08\/Room-1-10-200x300.jpg 200w, https:\/\/www.vilagenia.ro\/wp-content\/uploads\/2025\/08\/Room-1-10-683x1024.jpg 683w, https:\/\/www.vilagenia.ro\/wp-content\/uploads\/2025\/08\/Room-1-10-768x1152.jpg 768w, https:\/\/www.vilagenia.ro\/wp-content\/uploads\/2025\/08\/Room-1-10-1024x1536.jpg 1024w, https:\/\/www.vilagenia.ro\/wp-content\/uploads\/2025\/08\/Room-1-10-1366x2048.jpg 1366w\" sizes=\"auto, (max-width: 1707px) 100vw, 1707px\"><\/div>\n\t<\/div><\/figure>\n\n<\/div>\n<\/div><\/div><div class=\"bde-gallery-25-152 bde-gallery\">\n\n\n  \n\n\n\n\n\n\n\n\n\n\n<div class=\"ee-gallery ee-gallery--default ee-gallery--grid ee-gallery--single ee-gallery--lightbox ee-gallery-- ee-gallery--caption- ee-gallery--caption-none ee-gallery--ratio\">\n                  \n      <a class=\"ee-gallery-item ee-gallery-item--image ee-gallery-item--single\" href=\"https:\/\/www.vilagenia.ro\/wp-content\/uploads\/2025\/08\/Salon-5-1-scaled.jpg\"  data-sub-html=\"<span><\/span>\" data-category=\"1\"                  data-lg-size=\"2560-1707\"\n\n      >\n        <figure class=\"ee-gallery-item-figure\">\n                        <img decoding=\"async\" class=\"breakdance-image-object\" src=\"https:\/\/www.vilagenia.ro\/wp-content\/uploads\/2025\/08\/Salon-5-1-1024x683.jpg\" width=\"1024\" height=\"683\" srcset=\"https:\/\/www.vilagenia.ro\/wp-content\/uploads\/2025\/08\/Salon-5-1-scaled.jpg 2560w, https:\/\/www.vilagenia.ro\/wp-content\/uploads\/2025\/08\/Salon-5-1-300x200.jpg 300w, https:\/\/www.vilagenia.ro\/wp-content\/uploads\/2025\/08\/Salon-5-1-1024x683.jpg 1024w, https:\/\/www.vilagenia.ro\/wp-content\/uploads\/2025\/08\/Salon-5-1-768x512.jpg 768w, https:\/\/www.vilagenia.ro\/wp-content\/uploads\/2025\/08\/Salon-5-1-1536x1024.jpg 1536w, https:\/\/www.vilagenia.ro\/wp-content\/uploads\/2025\/08\/Salon-5-1-2048x1365.jpg 2048w\" sizes=\"auto, (max-width: 2560px) 100vw, 2560px\" loading=\"lazy\">\n          \n                  <\/figure>\n      <\/a>\n\n                \n      <a class=\"ee-gallery-item ee-gallery-item--image ee-gallery-item--single\" href=\"https:\/\/www.vilagenia.ro\/wp-content\/uploads\/2025\/08\/Room-5-3-scaled.jpg\"  data-sub-html=\"<span><\/span>\" data-category=\"1\"                  data-lg-size=\"2560-1707\"\n\n      >\n        <figure class=\"ee-gallery-item-figure\">\n                        <img decoding=\"async\" class=\"breakdance-image-object\" src=\"https:\/\/www.vilagenia.ro\/wp-content\/uploads\/2025\/08\/Room-5-3-1024x683.jpg\" width=\"1024\" height=\"683\" srcset=\"https:\/\/www.vilagenia.ro\/wp-content\/uploads\/2025\/08\/Room-5-3-scaled.jpg 2560w, https:\/\/www.vilagenia.ro\/wp-content\/uploads\/2025\/08\/Room-5-3-300x200.jpg 300w, https:\/\/www.vilagenia.ro\/wp-content\/uploads\/2025\/08\/Room-5-3-1024x683.jpg 1024w, https:\/\/www.vilagenia.ro\/wp-content\/uploads\/2025\/08\/Room-5-3-768x512.jpg 768w, https:\/\/www.vilagenia.ro\/wp-content\/uploads\/2025\/08\/Room-5-3-1536x1024.jpg 1536w, https:\/\/www.vilagenia.ro\/wp-content\/uploads\/2025\/08\/Room-5-3-2048x1365.jpg 2048w\" sizes=\"auto, (max-width: 2560px) 100vw, 2560px\" loading=\"lazy\">\n          \n                  <\/figure>\n      <\/a>\n\n                \n      <a class=\"ee-gallery-item ee-gallery-item--image ee-gallery-item--single\" href=\"https:\/\/www.vilagenia.ro\/wp-content\/uploads\/2025\/08\/Room-1-14-scaled.jpg\"  data-sub-html=\"<span><\/span>\" data-category=\"1\"                  data-lg-size=\"1707-2560\"\n\n      >\n        <figure class=\"ee-gallery-item-figure\">\n                        <img decoding=\"async\" class=\"breakdance-image-object\" src=\"https:\/\/www.vilagenia.ro\/wp-content\/uploads\/2025\/08\/Room-1-14-683x1024.jpg\" width=\"683\" height=\"1024\" srcset=\"https:\/\/www.vilagenia.ro\/wp-content\/uploads\/2025\/08\/Room-1-14-scaled.jpg 1707w, https:\/\/www.vilagenia.ro\/wp-content\/uploads\/2025\/08\/Room-1-14-200x300.jpg 200w, https:\/\/www.vilagenia.ro\/wp-content\/uploads\/2025\/08\/Room-1-14-683x1024.jpg 683w, https:\/\/www.vilagenia.ro\/wp-content\/uploads\/2025\/08\/Room-1-14-768x1152.jpg 768w, https:\/\/www.vilagenia.ro\/wp-content\/uploads\/2025\/08\/Room-1-14-1024x1536.jpg 1024w, https:\/\/www.vilagenia.ro\/wp-content\/uploads\/2025\/08\/Room-1-14-1365x2048.jpg 1365w\" sizes=\"auto, (max-width: 1707px) 100vw, 1707px\" loading=\"lazy\">\n          \n                  <\/figure>\n      <\/a>\n\n                \n      <a class=\"ee-gallery-item ee-gallery-item--image ee-gallery-item--single\" href=\"https:\/\/www.vilagenia.ro\/wp-content\/uploads\/2025\/08\/Camera-dubla-superioara.jpg\"  data-sub-html=\"<span><\/span>\" data-category=\"1\"                  data-lg-size=\"840-460\"\n\n      >\n        <figure class=\"ee-gallery-item-figure\">\n                        <img decoding=\"async\" class=\"breakdance-image-object\" src=\"https:\/\/www.vilagenia.ro\/wp-content\/uploads\/2025\/08\/Camera-dubla-superioara.jpg\" width=\"840\" height=\"460\" srcset=\"https:\/\/www.vilagenia.ro\/wp-content\/uploads\/2025\/08\/Camera-dubla-superioara.jpg 840w, https:\/\/www.vilagenia.ro\/wp-content\/uploads\/2025\/08\/Camera-dubla-superioara-300x164.jpg 300w, https:\/\/www.vilagenia.ro\/wp-content\/uploads\/2025\/08\/Camera-dubla-superioara-768x421.jpg 768w\" sizes=\"auto, (max-width: 840px) 100vw, 840px\" loading=\"lazy\">\n          \n                  <\/figure>\n      <\/a>\n\n                \n      <a class=\"ee-gallery-item ee-gallery-item--image ee-gallery-item--single\" href=\"https:\/\/www.vilagenia.ro\/wp-content\/uploads\/2025\/08\/Camera-King.jpg\"  data-sub-html=\"<span><\/span>\" data-category=\"1\"                  data-lg-size=\"840-460\"\n\n      >\n        <figure class=\"ee-gallery-item-figure\">\n                        <img decoding=\"async\" class=\"breakdance-image-object\" src=\"https:\/\/www.vilagenia.ro\/wp-content\/uploads\/2025\/08\/Camera-King.jpg\" width=\"840\" height=\"460\" srcset=\"https:\/\/www.vilagenia.ro\/wp-content\/uploads\/2025\/08\/Camera-King.jpg 840w, https:\/\/www.vilagenia.ro\/wp-content\/uploads\/2025\/08\/Camera-King-300x164.jpg 300w, https:\/\/www.vilagenia.ro\/wp-content\/uploads\/2025\/08\/Camera-King-768x421.jpg 768w\" sizes=\"auto, (max-width: 840px) 100vw, 840px\" loading=\"lazy\">\n          \n                  <\/figure>\n      <\/a>\n\n                \n      <a class=\"ee-gallery-item ee-gallery-item--image ee-gallery-item--single\" href=\"https:\/\/www.vilagenia.ro\/wp-content\/uploads\/2025\/08\/Details-and-Activities-1-scaled.jpg\"  data-sub-html=\"<span><\/span>\" data-category=\"1\"                  data-lg-size=\"1707-2560\"\n\n      >\n        <figure class=\"ee-gallery-item-figure\">\n                        <img decoding=\"async\" class=\"breakdance-image-object\" src=\"https:\/\/www.vilagenia.ro\/wp-content\/uploads\/2025\/08\/Details-and-Activities-1-683x1024.jpg\" width=\"683\" height=\"1024\" srcset=\"https:\/\/www.vilagenia.ro\/wp-content\/uploads\/2025\/08\/Details-and-Activities-1-scaled.jpg 1707w, https:\/\/www.vilagenia.ro\/wp-content\/uploads\/2025\/08\/Details-and-Activities-1-200x300.jpg 200w, https:\/\/www.vilagenia.ro\/wp-content\/uploads\/2025\/08\/Details-and-Activities-1-683x1024.jpg 683w, https:\/\/www.vilagenia.ro\/wp-content\/uploads\/2025\/08\/Details-and-Activities-1-768x1152.jpg 768w, https:\/\/www.vilagenia.ro\/wp-content\/uploads\/2025\/08\/Details-and-Activities-1-1024x1536.jpg 1024w, https:\/\/www.vilagenia.ro\/wp-content\/uploads\/2025\/08\/Details-and-Activities-1-1365x2048.jpg 1365w\" sizes=\"auto, (max-width: 1707px) 100vw, 1707px\" loading=\"lazy\">\n          \n                  <\/figure>\n      <\/a>\n\n      \n  <\/div>\n\n\n\n<\/div><\/div>\n<\/section><section class=\"bde-section-25-122 bde-section\">\n  \n  \n\t\n\n\n\n<div class=\"section-container\"><h2 class=\"bde-heading-25-146 bde-heading\">\nWe'd be delighted to have you! Book your room on the link down below.\n<\/h2><a class=\"bde-container-link-25-147 bde-container-link breakdance-link\" href=\"http:\/\/vila-genia.pynbooking.direct\" target=\"_self\" data-type=\"url\">\n  \n  \n\t\n\n\n\n<div class=\"bde-text-25-148 bde-text\">\nBook now\n<\/div><div class=\"bde-icon-25-149 bde-icon\">\n\n    \n            <div class=\"bde-icon-icon breakdance-icon-atom\" >\n    \n                    <svg xmlns=\"http:\/\/www.w3.org\/2000\/svg\" width=\"63\" height=\"16\" viewbox=\"0 0 63 16\" fill=\"none\">\n<path opacity=\"0.88\" d=\"M62.7071 8.70711C63.0976 8.31658 63.0976 7.68342 62.7071 7.29289L56.3431 0.928932C55.9526 0.538408 55.3195 0.538408 54.9289 0.928932C54.5384 1.31946 54.5384 1.95262 54.9289 2.34315L60.5858 8L54.9289 13.6569C54.5384 14.0474 54.5384 14.6805 54.9289 15.0711C55.3195 15.4616 55.9526 15.4616 56.3431 15.0711L62.7071 8.70711ZM0 9H62V7H0V9Z\" fill=\"#384140\"\/>\n<\/svg>\n        \n        \n        \n            <\/div>\n    \n\n\n<\/div>\n\n<\/a><\/div>\n<\/section>","protected":false},"excerpt":{"rendered":"<p>Despre noi scroll down Confort urban \u00een inima naturii Transformat\u0103 din casa unui General ce dateaz\u0103 din 1934, Vila Genia a ap\u0103rut din dragostea noastr\u0103 pentru oameni, natura Bucovinei, \u0219i ce este frumos. Am creat totul cu g\u00e2ndul la cei ce \u00ee\u0219i doresc s\u0103 descopere frumuse\u021bile \u021b\u0103rii \u0219i s\u0103 se bucure de un loc intim [&hellip;]<\/p>\n","protected":false},"author":1,"featured_media":0,"parent":0,"menu_order":0,"comment_status":"closed","ping_status":"closed","template":"","meta":{"_seopress_robots_primary_cat":"","_seopress_titles_title":"","_seopress_titles_desc":"","_seopress_robots_index":"","_breakdance_hide_in_design_set":false,"_breakdance_tags":"","footnotes":""},"class_list":["post-25","page","type-page","status-publish","hentry"],"_links":{"self":[{"href":"https:\/\/www.vilagenia.ro\/en\/wp-json\/wp\/v2\/pages\/25","targetHints":{"allow":["GET"]}}],"collection":[{"href":"https:\/\/www.vilagenia.ro\/en\/wp-json\/wp\/v2\/pages"}],"about":[{"href":"https:\/\/www.vilagenia.ro\/en\/wp-json\/wp\/v2\/types\/page"}],"author":[{"embeddable":true,"href":"https:\/\/www.vilagenia.ro\/en\/wp-json\/wp\/v2\/users\/1"}],"replies":[{"embeddable":true,"href":"https:\/\/www.vilagenia.ro\/en\/wp-json\/wp\/v2\/comments?post=25"}],"version-history":[{"count":1,"href":"https:\/\/www.vilagenia.ro\/en\/wp-json\/wp\/v2\/pages\/25\/revisions"}],"predecessor-version":[{"id":114,"href":"https:\/\/www.vilagenia.ro\/en\/wp-json\/wp\/v2\/pages\/25\/revisions\/114"}],"wp:attachment":[{"href":"https:\/\/www.vilagenia.ro\/en\/wp-json\/wp\/v2\/media?parent=25"}],"curies":[{"name":"wp","href":"https:\/\/api.w.org\/{rel}","templated":true}]}}